{"id":10125,"date":"2019-11-05T13:22:56","date_gmt":"2019-11-05T13:22:56","guid":{"rendered":"https:\/\/xesolutions.ca\/a-propos\/"},"modified":"2021-09-07T17:40:53","modified_gmt":"2021-09-07T17:40:53","slug":"about","status":"publish","type":"page","link":"https:\/\/xesolutions.ca\/en\/about\/","title":{"rendered":"About"},"content":{"rendered":"\t\t<div data-elementor-type=\"wp-page\" data-elementor-id=\"10125\" class=\"elementor elementor-10125 elementor-5934\" data-elementor-settings=\"[]\">\n\t\t\t\t\t\t<div class=\"elementor-inner\">\n\t\t\t\t\t\t\t<div class=\"elementor-section-wrap\">\n\t\t\t\t\t\t\t<section class=\"elementor-section elementor-top-section elementor-element elementor-element-a1d9446 elementor-section-content-middle elementor-section-boxed elementor-section-height-default elementor-section-height-default\" data-id=\"a1d9446\" data-element_type=\"section\">\n\t\t\t\t\t\t<div class=\"elementor-container elementor-column-gap-default\">\n\t\t\t\t\t\t\t<div class=\"elementor-row\">\n\t\t\t\t\t<div class=\"elementor-column elementor-col-50 elementor-top-column elementor-element elementor-element-164da169\" data-id=\"164da169\" data-element_type=\"column\">\n\t\t\t<div class=\"elementor-column-wrap elementor-element-populated\">\n\t\t\t\t\t\t\t<div class=\"elementor-widget-wrap\">\n\t\t\t\t\t\t<div class=\"elementor-element elementor-element-bb485c3 elementor-widget elementor-widget-image\" data-id=\"bb485c3\" data-element_type=\"widget\" data-widget_type=\"image.default\">\n\t\t\t\t<div class=\"elementor-widget-container\">\n\t\t\t\t\t\t\t\t<div class=\"elementor-image\">\n\t\t\t\t\t\t\t\t\t\t\t\t<img width=\"648\" height=\"567\" src=\"https:\/\/xesolutions.ca\/wp-content\/uploads\/2021\/09\/entrepreneur-electricien-securite-surveillance-tout-en-un-construction.png\" class=\"attachment-full size-full\" alt=\"\" loading=\"lazy\" \/>\t\t\t\t\t\t\t\t\t\t\t\t\t\t<\/div>\n\t\t\t\t\t\t<\/div>\n\t\t\t\t<\/div>\n\t\t\t\t\t\t<\/div>\n\t\t\t\t\t<\/div>\n\t\t<\/div>\n\t\t\t\t<div class=\"elementor-column elementor-col-50 elementor-top-column elementor-element elementor-element-7cfe7ec7 pl-lg-4\" data-id=\"7cfe7ec7\" data-element_type=\"column\">\n\t\t\t<div class=\"elementor-column-wrap elementor-element-populated\">\n\t\t\t\t\t\t\t<div class=\"elementor-widget-wrap\">\n\t\t\t\t\t\t<div class=\"elementor-element elementor-element-762a89d0 elementor-widget elementor-widget-wiguardsectiontitle\" data-id=\"762a89d0\" data-element_type=\"widget\" data-widget_type=\"wiguardsectiontitle.default\">\n\t\t\t\t<div class=\"elementor-widget-container\">\n\t\t\t<div class=\"section-title-wrapper margin-bottom-30\"><div class=\"title-wrap\"><span class=\"sub-title\">ABOUT XE SOLUTIONS<\/span><h2 class=\"section-title\">A value-added general contractor<\/h2><span class=\"title-separator separator-border theme-color-bg\"><\/span><\/div><!-- .title-wrap --><div class=\"section-description\"><\/div><!-- .section-description --><\/div><!-- .section-title-wrapper -->\t\t<\/div>\n\t\t\t\t<\/div>\n\t\t\t\t<div class=\"elementor-element elementor-element-38d47ee3 elementor-widget elementor-widget-text-editor\" data-id=\"38d47ee3\" data-element_type=\"widget\" data-widget_type=\"text-editor.default\">\n\t\t\t\t<div class=\"elementor-widget-container\">\n\t\t\t\t\t\t\t\t<div class=\"elementor-text-editor elementor-clearfix\">\n\t\t\t\t<p>Founded in 2013 by Nicolas Bisaillon, Xe Solutions is a general contractor that also performs electrical work and installation services for alarm, access and surveillance systems. Its mission is to offer turnkey service to its clients by taking charge of a range of jobs, including office configuration, structured cabling, electrical work of all kinds and security system installation.\u00a0<\/p><p>The Xe Solutions team exceeds expectations by placing innovation and professional development at the core of their offer. Quality work, customer satisfaction and on-time delivery are their top priority.<\/p>\t\t\t\t\t<\/div>\n\t\t\t\t\t\t<\/div>\n\t\t\t\t<\/div>\n\t\t\t\t\t\t<\/div>\n\t\t\t\t\t<\/div>\n\t\t<\/div>\n\t\t\t\t\t\t\t\t<\/div>\n\t\t\t\t\t<\/div>\n\t\t<\/section>\n\t\t\t\t<section class=\"elementor-section elementor-top-section elementor-element elementor-element-70bb77e6 elementor-section-stretched elementor-section-boxed elementor-section-height-default elementor-section-height-default\" data-id=\"70bb77e6\" data-element_type=\"section\" data-settings=\"{&quot;background_background&quot;:&quot;classic&quot;,&quot;stretch_section&quot;:&quot;section-stretched&quot;}\">\n\t\t\t\t\t\t\t<div class=\"elementor-background-overlay\"><\/div>\n\t\t\t\t\t\t\t<div class=\"elementor-container elementor-column-gap-default\">\n\t\t\t\t\t\t\t<div class=\"elementor-row\">\n\t\t\t\t\t<div class=\"elementor-column elementor-col-50 elementor-top-column elementor-element elementor-element-e7ee31a\" data-id=\"e7ee31a\" data-element_type=\"column\">\n\t\t\t<div class=\"elementor-column-wrap elementor-element-populated\">\n\t\t\t\t\t\t\t<div class=\"elementor-widget-wrap\">\n\t\t\t\t\t\t<div class=\"elementor-element elementor-element-368b19f7 elementor-widget elementor-widget-wiguardsectiontitle\" data-id=\"368b19f7\" data-element_type=\"widget\" data-widget_type=\"wiguardsectiontitle.default\">\n\t\t\t\t<div class=\"elementor-widget-container\">\n\t\t\t<div class=\"section-title-wrapper custom-title-1 mb-3\"><div class=\"title-wrap\"><h2 class=\"section-title\">A dynamic team dedicated to its clients<\/h2><\/div><!-- .title-wrap --><div class=\"section-description\">Any project you trust us with becomes our priority. We do all we can to respond quickly and to offer you the best solutions for your specific needs. Call us today to discuss your project and get a free quote!<\/div><!-- .section-description --><\/div><!-- .section-title-wrapper -->\t\t<\/div>\n\t\t\t\t<\/div>\n\t\t\t\t<div class=\"elementor-element elementor-element-43bd6b0e elementor-align-left elementor-widget elementor-widget-button\" data-id=\"43bd6b0e\" data-element_type=\"widget\" data-widget_type=\"button.default\">\n\t\t\t\t<div class=\"elementor-widget-container\">\n\t\t\t\t\t<div class=\"elementor-button-wrapper\">\n\t\t\t<a href=\"https:\/\/xesolutions.ca\/en\/contact\/#soumission-en-ligne\" class=\"elementor-button-link elementor-button elementor-size-md\" role=\"button\">\n\t\t\t\t\t\t<span class=\"elementor-button-content-wrapper\">\n\t\t\t\t\t\t<span class=\"elementor-button-text\">Get a Quote<\/span>\n\t\t<\/span>\n\t\t\t\t\t<\/a>\n\t\t<\/div>\n\t\t\t\t<\/div>\n\t\t\t\t<\/div>\n\t\t\t\t\t\t<\/div>\n\t\t\t\t\t<\/div>\n\t\t<\/div>\n\t\t\t\t<div class=\"elementor-column elementor-col-50 elementor-top-column elementor-element elementor-element-992c2c0\" data-id=\"992c2c0\" data-element_type=\"column\">\n\t\t\t<div class=\"elementor-column-wrap elementor-element-populated\">\n\t\t\t\t\t\t\t<div class=\"elementor-widget-wrap\">\n\t\t\t\t\t\t<div class=\"elementor-element elementor-element-e14aa92 elementor-widget elementor-widget-image\" data-id=\"e14aa92\" data-element_type=\"widget\" data-widget_type=\"image.default\">\n\t\t\t\t<div class=\"elementor-widget-container\">\n\t\t\t\t\t\t\t\t<div class=\"elementor-image\">\n\t\t\t\t\t\t\t\t\t\t\t\t<img width=\"827\" height=\"779\" src=\"https:\/\/xesolutions.ca\/wp-content\/uploads\/2020\/06\/slider1-img1-1-1.png\" class=\"attachment-full size-full\" alt=\"\" loading=\"lazy\" \/>\t\t\t\t\t\t\t\t\t\t\t\t\t\t<\/div>\n\t\t\t\t\t\t<\/div>\n\t\t\t\t<\/div>\n\t\t\t\t\t\t<\/div>\n\t\t\t\t\t<\/div>\n\t\t<\/div>\n\t\t\t\t\t\t\t\t<\/div>\n\t\t\t\t\t<\/div>\n\t\t<\/section>\n\t\t\t\t<section class=\"elementor-section elementor-top-section elementor-element elementor-element-74ac882 elementor-section-stretched bf-round af-dot elementor-section-boxed elementor-section-height-default elementor-section-height-default\" data-id=\"74ac882\" data-element_type=\"section\" data-settings=\"{&quot;stretch_section&quot;:&quot;section-stretched&quot;}\">\n\t\t\t\t\t\t<div class=\"elementor-container elementor-column-gap-default\">\n\t\t\t\t\t\t\t<div class=\"elementor-row\">\n\t\t\t\t\t<div class=\"elementor-column elementor-col-100 elementor-top-column elementor-element elementor-element-6a6c9034\" data-id=\"6a6c9034\" data-element_type=\"column\">\n\t\t\t<div class=\"elementor-column-wrap elementor-element-populated\">\n\t\t\t\t\t\t\t<div class=\"elementor-widget-wrap\">\n\t\t\t\t\t\t<section class=\"elementor-section elementor-inner-section elementor-element elementor-element-3f7044f0 elementor-section-boxed elementor-section-height-default elementor-section-height-default\" data-id=\"3f7044f0\" data-element_type=\"section\">\n\t\t\t\t\t\t<div class=\"elementor-container elementor-column-gap-default\">\n\t\t\t\t\t\t\t<div class=\"elementor-row\">\n\t\t\t\t\t<div class=\"elementor-column elementor-col-33 elementor-inner-column elementor-element elementor-element-40ecdd15\" data-id=\"40ecdd15\" data-element_type=\"column\">\n\t\t\t<div class=\"elementor-column-wrap\">\n\t\t\t\t\t\t\t<div class=\"elementor-widget-wrap\">\n\t\t\t\t\t\t\t\t<\/div>\n\t\t\t\t\t<\/div>\n\t\t<\/div>\n\t\t\t\t<div class=\"elementor-column elementor-col-33 elementor-inner-column elementor-element elementor-element-19645f4d\" data-id=\"19645f4d\" data-element_type=\"column\">\n\t\t\t<div class=\"elementor-column-wrap elementor-element-populated\">\n\t\t\t\t\t\t\t<div class=\"elementor-widget-wrap\">\n\t\t\t\t\t\t<div class=\"elementor-element elementor-element-51d73267 elementor-widget elementor-widget-wiguardsectiontitle\" data-id=\"51d73267\" data-element_type=\"widget\" data-widget_type=\"wiguardsectiontitle.default\">\n\t\t\t\t<div class=\"elementor-widget-container\">\n\t\t\t<div class=\"section-title-wrapper text-center\"><div class=\"title-wrap\"><span class=\"sub-title\">OUR CERTIFICATIONS<\/span><h2 class=\"section-title\">A pledge of our professionalism<\/h2><span class=\"title-separator separator-border theme-color-bg\"><\/span><\/div><!-- .title-wrap --><div class=\"section-description\"><\/div><!-- .section-description --><\/div><!-- .section-title-wrapper -->\t\t<\/div>\n\t\t\t\t<\/div>\n\t\t\t\t\t\t<\/div>\n\t\t\t\t\t<\/div>\n\t\t<\/div>\n\t\t\t\t<div class=\"elementor-column elementor-col-33 elementor-inner-column elementor-element elementor-element-61a2b72c\" data-id=\"61a2b72c\" data-element_type=\"column\">\n\t\t\t<div class=\"elementor-column-wrap\">\n\t\t\t\t\t\t\t<div class=\"elementor-widget-wrap\">\n\t\t\t\t\t\t\t\t<\/div>\n\t\t\t\t\t<\/div>\n\t\t<\/div>\n\t\t\t\t\t\t\t\t<\/div>\n\t\t\t\t\t<\/div>\n\t\t<\/section>\n\t\t\t\t<section class=\"elementor-section elementor-inner-section elementor-element elementor-element-ea3e391 elementor-section-boxed elementor-section-height-default elementor-section-height-default\" data-id=\"ea3e391\" data-element_type=\"section\">\n\t\t\t\t\t\t<div class=\"elementor-container elementor-column-gap-default\">\n\t\t\t\t\t\t\t<div class=\"elementor-row\">\n\t\t\t\t\t<div class=\"elementor-column elementor-col-33 elementor-inner-column elementor-element elementor-element-585c4a9\" data-id=\"585c4a9\" data-element_type=\"column\">\n\t\t\t<div class=\"elementor-column-wrap elementor-element-populated\">\n\t\t\t\t\t\t\t<div class=\"elementor-widget-wrap\">\n\t\t\t\t\t\t<div class=\"elementor-element elementor-element-68886d7 elementor-widget elementor-widget-wiguardfeaturebox\" data-id=\"68886d7\" data-element_type=\"widget\" data-widget_type=\"wiguardfeaturebox.default\">\n\t\t\t\t<div class=\"elementor-widget-container feature-box-wrapper text-left feature-box-modern\" data-css=\"&quot;&quot;\">\r\n\t\t\t<div class=\"feature-box-inner\"><div class=\"feature-box-image squared fbox-img-overlay-none\"><img class=\"img-fluid\" src=\"https:\/\/xesolutions.ca\/wp-content\/uploads\/2020\/09\/icon-entrepreneur-general.png\" alt=\"Feature Box Image\"><\/div><h4 class=\"feature-box-title\">Master electrician and general contractor<\/h4><div class=\"fbox-content\">Xe Solutions holds a license issued by the Corporation des ma\u00eetres \u00e9lectriciens du Qu\u00e9bec (CMEQ) as well as a general contractor's license from the R\u00e9gie du b\u00e2timent du Qu\u00e9bec (RBQ).<\/div><\/div>\t\t<\/div>\r\n\t\t\t\t<\/div>\n\t\t\t\t\t\t<\/div>\n\t\t\t\t\t<\/div>\n\t\t<\/div>\n\t\t\t\t<div class=\"elementor-column elementor-col-33 elementor-inner-column elementor-element elementor-element-a1b74af\" data-id=\"a1b74af\" data-element_type=\"column\">\n\t\t\t<div class=\"elementor-column-wrap elementor-element-populated\">\n\t\t\t\t\t\t\t<div class=\"elementor-widget-wrap\">\n\t\t\t\t\t\t<div class=\"elementor-element elementor-element-a0d34d2 elementor-widget elementor-widget-wiguardfeaturebox\" data-id=\"a0d34d2\" data-element_type=\"widget\" data-widget_type=\"wiguardfeaturebox.default\">\n\t\t\t\t<div class=\"elementor-widget-container feature-box-wrapper text-left feature-box-modern\" data-css=\"&quot;&quot;\">\r\n\t\t\t<div class=\"feature-box-inner\"><div class=\"feature-box-image squared fbox-img-overlay-none\"><img class=\"img-fluid\" src=\"https:\/\/xesolutions.ca\/wp-content\/uploads\/2020\/09\/icon-securite-et-surveillance.png\" alt=\"Feature Box Image\"><\/div><h4 class=\"feature-box-title\">Bureau de la s\u00e9curit\u00e9 priv\u00e9e du Qu\u00e9bec (BSP)<\/h4><div class=\"fbox-content\">Our security agents have the training or experience required by the Private Security Act to practise their trade. In collaboration with the BSP, Xe Solutions ensures the quality and conformity of the services it offers.<\/div><\/div>\t\t<\/div>\r\n\t\t\t\t<\/div>\n\t\t\t\t\t\t<\/div>\n\t\t\t\t\t<\/div>\n\t\t<\/div>\n\t\t\t\t<div class=\"elementor-column elementor-col-33 elementor-inner-column elementor-element elementor-element-d22a93c\" data-id=\"d22a93c\" data-element_type=\"column\">\n\t\t\t<div class=\"elementor-column-wrap elementor-element-populated\">\n\t\t\t\t\t\t\t<div class=\"elementor-widget-wrap\">\n\t\t\t\t\t\t<div class=\"elementor-element elementor-element-b9885a4 elementor-widget elementor-widget-wiguardfeaturebox\" data-id=\"b9885a4\" data-element_type=\"widget\" data-widget_type=\"wiguardfeaturebox.default\">\n\t\t\t\t<div class=\"elementor-widget-container feature-box-wrapper text-left feature-box-modern\" data-css=\"&quot;&quot;\">\r\n\t\t\t<div class=\"feature-box-inner\"><div class=\"feature-box-image squared fbox-img-overlay-none\"><img class=\"img-fluid\" src=\"https:\/\/xesolutions.ca\/wp-content\/uploads\/2020\/09\/icon-electriciens-professionnels.png\" alt=\"Feature Box Image\"><\/div><h4 class=\"feature-box-title\">ULC grade 3 certification - High surveillance<\/h4><div class=\"fbox-content\">Xe Solutions monitoring centres are certified and inspected by Underwriters' Laboratories of Canada (ULC), an independent organization that tests products to ensure compliance. Our Quebec-based centres are ULC Grade 3 certified.<\/div><\/div>\t\t<\/div>\r\n\t\t\t\t<\/div>\n\t\t\t\t\t\t<\/div>\n\t\t\t\t\t<\/div>\n\t\t<\/div>\n\t\t\t\t\t\t\t\t<\/div>\n\t\t\t\t\t<\/div>\n\t\t<\/section>\n\t\t\t\t\t\t<\/div>\n\t\t\t\t\t<\/div>\n\t\t<\/div>\n\t\t\t\t\t\t\t\t<\/div>\n\t\t\t\t\t<\/div>\n\t\t<\/section>\n\t\t\t\t<section class=\"elementor-section elementor-top-section elementor-element elementor-element-a2d6acf elementor-section-stretched elementor-section-content-middle elementor-section-boxed elementor-section-height-default elementor-section-height-default\" data-id=\"a2d6acf\" data-element_type=\"section\" id=\"cta-home\" data-settings=\"{&quot;background_background&quot;:&quot;classic&quot;,&quot;stretch_section&quot;:&quot;section-stretched&quot;}\">\n\t\t\t\t\t\t\t<div class=\"elementor-background-overlay\"><\/div>\n\t\t\t\t\t\t\t<div class=\"elementor-container elementor-column-gap-default\">\n\t\t\t\t\t\t\t<div class=\"elementor-row\">\n\t\t\t\t\t<div class=\"elementor-column elementor-col-50 elementor-top-column elementor-element elementor-element-522c1a29\" data-id=\"522c1a29\" data-element_type=\"column\">\n\t\t\t<div class=\"elementor-column-wrap elementor-element-populated\">\n\t\t\t\t\t\t\t<div class=\"elementor-widget-wrap\">\n\t\t\t\t\t\t<div class=\"elementor-element elementor-element-62601ae8 elementor-widget elementor-widget-wiguardsectiontitle\" data-id=\"62601ae8\" data-element_type=\"widget\" data-widget_type=\"wiguardsectiontitle.default\">\n\t\t\t\t<div class=\"elementor-widget-container\">\n\t\t\t<div class=\"section-title-wrapper custom-title-1 mb-0 text-left\"><div class=\"title-wrap\"><h2 class=\"section-title\">Get an online quote today!<\/h2><\/div><!-- .title-wrap --><div class=\"section-description\"><\/div><!-- .section-description --><\/div><!-- .section-title-wrapper -->\t\t<\/div>\n\t\t\t\t<\/div>\n\t\t\t\t\t\t<\/div>\n\t\t\t\t\t<\/div>\n\t\t<\/div>\n\t\t\t\t<div class=\"elementor-column elementor-col-50 elementor-top-column elementor-element elementor-element-6ef7dd69\" data-id=\"6ef7dd69\" data-element_type=\"column\">\n\t\t\t<div class=\"elementor-column-wrap elementor-element-populated\">\n\t\t\t\t\t\t\t<div class=\"elementor-widget-wrap\">\n\t\t\t\t\t\t<div class=\"elementor-element elementor-element-78d87f82 elementor-align-right elementor-tablet-align-left elementor-widget elementor-widget-button\" data-id=\"78d87f82\" data-element_type=\"widget\" data-widget_type=\"button.default\">\n\t\t\t\t<div class=\"elementor-widget-container\">\n\t\t\t\t\t<div class=\"elementor-button-wrapper\">\n\t\t\t<a href=\"https:\/\/xesolutions.ca\/en\/contact\/#soumission-en-ligne\" class=\"elementor-button-link elementor-button elementor-size-md\" role=\"button\">\n\t\t\t\t\t\t<span class=\"elementor-button-content-wrapper\">\n\t\t\t\t\t\t<span class=\"elementor-button-text\">Online quote<\/span>\n\t\t<\/span>\n\t\t\t\t\t<\/a>\n\t\t<\/div>\n\t\t\t\t<\/div>\n\t\t\t\t<\/div>\n\t\t\t\t\t\t<\/div>\n\t\t\t\t\t<\/div>\n\t\t<\/div>\n\t\t\t\t\t\t\t\t<\/div>\n\t\t\t\t\t<\/div>\n\t\t<\/section>\n\t\t\t\t\t\t<\/div>\n\t\t\t\t\t\t<\/div>\n\t\t\t\t\t<\/div>\n\t\t","protected":false},"excerpt":{"rendered":"<p>ABOUT XE SOLUTIONS A value-added general contractor Founded in 2013 by Nicolas Bisaillon, Xe Solutions is a general contractor that also performs electrical work and installation services for alarm, access and surveillance systems. Its mission is to offer turnkey service to its clients by taking charge of a range of jobs, including office configuration, structured<\/p>\n","protected":false},"author":1,"featured_media":0,"parent":0,"menu_order":0,"comment_status":"closed","ping_status":"closed","template":"","meta":[],"yoast_head":"<!-- This site is optimized with the Yoast SEO plugin v17.1 - https:\/\/yoast.com\/wordpress\/plugins\/seo\/ -->\n<title>XE Solutions | General, electrical and security contractor<\/title>\n<meta name=\"description\" content=\"XE Solutions offers general contracting services, carries out electrical work and installs alarm, access and surveillance systems.\" \/>\n<meta name=\"robots\" content=\"index, follow, max-snippet:-1, max-image-preview:large, max-video-preview:-1\" \/>\n<link rel=\"canonical\" href=\"https:\/\/xesolutions.ca\/en\/about\/\" \/>\n<meta property=\"og:locale\" content=\"en_US\" \/>\n<meta property=\"og:type\" content=\"article\" \/>\n<meta property=\"og:title\" content=\"XE Solutions | General, electrical and security contractor\" \/>\n<meta property=\"og:description\" content=\"XE Solutions offers general contracting services, carries out electrical work and installs alarm, access and surveillance systems.\" \/>\n<meta property=\"og:url\" content=\"https:\/\/xesolutions.ca\/en\/about\/\" \/>\n<meta property=\"og:site_name\" content=\"Xe Solutions\" \/>\n<meta property=\"article:modified_time\" content=\"2021-09-07T17:40:53+00:00\" \/>\n<meta property=\"og:image\" content=\"https:\/\/xesolutions.ca\/wp-content\/uploads\/2021\/09\/entrepreneur-electricien-securite-surveillance-tout-en-un-construction.png\" \/>\n<meta name=\"twitter:card\" content=\"summary_large_image\" \/>\n<meta name=\"twitter:label1\" content=\"Est. reading time\" \/>\n\t<meta name=\"twitter:data1\" content=\"1 minute\" \/>\n<script type=\"application\/ld+json\" class=\"yoast-schema-graph\">{\"@context\":\"https:\/\/schema.org\",\"@graph\":[{\"@type\":\"Organization\",\"@id\":\"https:\/\/xesolutions.ca\/#organization\",\"name\":\"Xe Solutions\",\"url\":\"https:\/\/xesolutions.ca\/\",\"sameAs\":[],\"logo\":{\"@type\":\"ImageObject\",\"@id\":\"https:\/\/xesolutions.ca\/#logo\",\"inLanguage\":\"en-US\",\"url\":\"https:\/\/xesolutions.ca\/wp-content\/uploads\/2020\/09\/logo-xe-solutions.png\",\"contentUrl\":\"https:\/\/xesolutions.ca\/wp-content\/uploads\/2020\/09\/logo-xe-solutions.png\",\"width\":113,\"height\":123,\"caption\":\"Xe Solutions\"},\"image\":{\"@id\":\"https:\/\/xesolutions.ca\/#logo\"}},{\"@type\":\"WebSite\",\"@id\":\"https:\/\/xesolutions.ca\/#website\",\"url\":\"https:\/\/xesolutions.ca\/\",\"name\":\"Xe Solutions\",\"description\":\"Entrepreneur G\\u00e9n\\u00e9ral\",\"publisher\":{\"@id\":\"https:\/\/xesolutions.ca\/#organization\"},\"potentialAction\":[{\"@type\":\"SearchAction\",\"target\":{\"@type\":\"EntryPoint\",\"urlTemplate\":\"https:\/\/xesolutions.ca\/?s={search_term_string}\"},\"query-input\":\"required name=search_term_string\"}],\"inLanguage\":\"en-US\"},{\"@type\":\"ImageObject\",\"@id\":\"https:\/\/xesolutions.ca\/en\/about\/#primaryimage\",\"inLanguage\":\"en-US\",\"url\":\"https:\/\/xesolutions.ca\/wp-content\/uploads\/2021\/09\/entrepreneur-electricien-securite-surveillance-tout-en-un-construction.png\",\"contentUrl\":\"https:\/\/xesolutions.ca\/wp-content\/uploads\/2021\/09\/entrepreneur-electricien-securite-surveillance-tout-en-un-construction.png\",\"width\":648,\"height\":567},{\"@type\":\"WebPage\",\"@id\":\"https:\/\/xesolutions.ca\/en\/about\/#webpage\",\"url\":\"https:\/\/xesolutions.ca\/en\/about\/\",\"name\":\"XE Solutions | General, electrical and security contractor\",\"isPartOf\":{\"@id\":\"https:\/\/xesolutions.ca\/#website\"},\"primaryImageOfPage\":{\"@id\":\"https:\/\/xesolutions.ca\/en\/about\/#primaryimage\"},\"datePublished\":\"2019-11-05T13:22:56+00:00\",\"dateModified\":\"2021-09-07T17:40:53+00:00\",\"description\":\"XE Solutions offers general contracting services, carries out electrical work and installs alarm, access and surveillance systems.\",\"breadcrumb\":{\"@id\":\"https:\/\/xesolutions.ca\/en\/about\/#breadcrumb\"},\"inLanguage\":\"en-US\",\"potentialAction\":[{\"@type\":\"ReadAction\",\"target\":[\"https:\/\/xesolutions.ca\/en\/about\/\"]}]},{\"@type\":\"BreadcrumbList\",\"@id\":\"https:\/\/xesolutions.ca\/en\/about\/#breadcrumb\",\"itemListElement\":[{\"@type\":\"ListItem\",\"position\":1,\"name\":\"Home\",\"item\":\"https:\/\/xesolutions.ca\/\"},{\"@type\":\"ListItem\",\"position\":2,\"name\":\"About\"}]}]}<\/script>\n<!-- \/ Yoast SEO plugin. -->","yoast_head_json":{"title":"XE Solutions | General, electrical and security contractor","description":"XE Solutions offers general contracting services, carries out electrical work and installs alarm, access and surveillance systems.","robots":{"index":"index","follow":"follow","max-snippet":"max-snippet:-1","max-image-preview":"max-image-preview:large","max-video-preview":"max-video-preview:-1"},"canonical":"https:\/\/xesolutions.ca\/en\/about\/","og_locale":"en_US","og_type":"article","og_title":"XE Solutions | General, electrical and security contractor","og_description":"XE Solutions offers general contracting services, carries out electrical work and installs alarm, access and surveillance systems.","og_url":"https:\/\/xesolutions.ca\/en\/about\/","og_site_name":"Xe Solutions","article_modified_time":"2021-09-07T17:40:53+00:00","og_image":[{"url":"https:\/\/xesolutions.ca\/wp-content\/uploads\/2021\/09\/entrepreneur-electricien-securite-surveillance-tout-en-un-construction.png"}],"twitter_card":"summary_large_image","twitter_misc":{"Est. reading time":"1 minute"},"schema":{"@context":"https:\/\/schema.org","@graph":[{"@type":"Organization","@id":"https:\/\/xesolutions.ca\/#organization","name":"Xe Solutions","url":"https:\/\/xesolutions.ca\/","sameAs":[],"logo":{"@type":"ImageObject","@id":"https:\/\/xesolutions.ca\/#logo","inLanguage":"en-US","url":"https:\/\/xesolutions.ca\/wp-content\/uploads\/2020\/09\/logo-xe-solutions.png","contentUrl":"https:\/\/xesolutions.ca\/wp-content\/uploads\/2020\/09\/logo-xe-solutions.png","width":113,"height":123,"caption":"Xe Solutions"},"image":{"@id":"https:\/\/xesolutions.ca\/#logo"}},{"@type":"WebSite","@id":"https:\/\/xesolutions.ca\/#website","url":"https:\/\/xesolutions.ca\/","name":"Xe Solutions","description":"Entrepreneur G\u00e9n\u00e9ral","publisher":{"@id":"https:\/\/xesolutions.ca\/#organization"},"potentialAction":[{"@type":"SearchAction","target":{"@type":"EntryPoint","urlTemplate":"https:\/\/xesolutions.ca\/?s={search_term_string}"},"query-input":"required name=search_term_string"}],"inLanguage":"en-US"},{"@type":"ImageObject","@id":"https:\/\/xesolutions.ca\/en\/about\/#primaryimage","inLanguage":"en-US","url":"https:\/\/xesolutions.ca\/wp-content\/uploads\/2021\/09\/entrepreneur-electricien-securite-surveillance-tout-en-un-construction.png","contentUrl":"https:\/\/xesolutions.ca\/wp-content\/uploads\/2021\/09\/entrepreneur-electricien-securite-surveillance-tout-en-un-construction.png","width":648,"height":567},{"@type":"WebPage","@id":"https:\/\/xesolutions.ca\/en\/about\/#webpage","url":"https:\/\/xesolutions.ca\/en\/about\/","name":"XE Solutions | General, electrical and security contractor","isPartOf":{"@id":"https:\/\/xesolutions.ca\/#website"},"primaryImageOfPage":{"@id":"https:\/\/xesolutions.ca\/en\/about\/#primaryimage"},"datePublished":"2019-11-05T13:22:56+00:00","dateModified":"2021-09-07T17:40:53+00:00","description":"XE Solutions offers general contracting services, carries out electrical work and installs alarm, access and surveillance systems.","breadcrumb":{"@id":"https:\/\/xesolutions.ca\/en\/about\/#breadcrumb"},"inLanguage":"en-US","potentialAction":[{"@type":"ReadAction","target":["https:\/\/xesolutions.ca\/en\/about\/"]}]},{"@type":"BreadcrumbList","@id":"https:\/\/xesolutions.ca\/en\/about\/#breadcrumb","itemListElement":[{"@type":"ListItem","position":1,"name":"Home","item":"https:\/\/xesolutions.ca\/"},{"@type":"ListItem","position":2,"name":"About"}]}]}},"_links":{"self":[{"href":"https:\/\/xesolutions.ca\/en\/wp-json\/wp\/v2\/pages\/10125"}],"collection":[{"href":"https:\/\/xesolutions.ca\/en\/wp-json\/wp\/v2\/pages"}],"about":[{"href":"https:\/\/xesolutions.ca\/en\/wp-json\/wp\/v2\/types\/page"}],"author":[{"embeddable":true,"href":"https:\/\/xesolutions.ca\/en\/wp-json\/wp\/v2\/users\/1"}],"replies":[{"embeddable":true,"href":"https:\/\/xesolutions.ca\/en\/wp-json\/wp\/v2\/comments?post=10125"}],"version-history":[{"count":5,"href":"https:\/\/xesolutions.ca\/en\/wp-json\/wp\/v2\/pages\/10125\/revisions"}],"predecessor-version":[{"id":10180,"href":"https:\/\/xesolutions.ca\/en\/wp-json\/wp\/v2\/pages\/10125\/revisions\/10180"}],"wp:attachment":[{"href":"https:\/\/xesolutions.ca\/en\/wp-json\/wp\/v2\/media?parent=10125"}],"curies":[{"name":"wp","href":"https:\/\/api.w.org\/{rel}","templated":true}]}}